{"id":76,"date":"2025-06-11T14:05:01","date_gmt":"2025-06-11T12:05:01","guid":{"rendered":"https:\/\/adeco.san.lu\/?page_id=76"},"modified":"2025-06-20T10:55:19","modified_gmt":"2025-06-20T08:55:19","slug":"bienvenue","status":"publish","type":"page","link":"https:\/\/adeco.san.lu\/fr\/","title":{"rendered":"SAN Art &#038; D\u00e9co"},"content":{"rendered":"","protected":false},"excerpt":{"rendered":"","protected":false},"author":1,"featured_media":0,"parent":0,"menu_order":0,"comment_status":"closed","ping_status":"closed","template":"","meta":{"_acf_changed":false,"footnotes":""},"class_list":["post-76","page","type-page","status-publish","hentry"],"acf":[],"yoast_head":"<!-- This site is optimized with the Yoast SEO plugin v26.7 - https:\/\/yoast.com\/wordpress\/plugins\/seo\/ -->\n<title>SAN Art &amp; D\u00e9co - artdeco<\/title>\n<meta name=\"description\" content=\"Laissez-vous inspirer par notre vari\u00e9t\u00e9 de couleurs, de formes et de mat\u00e9riaux, et trouvez l\u2019\u0153uvre d\u2019art ou l\u2019objet d\u00e9coratif parfait pour votre maison, votre bureau ou comme cadeau. La qualit\u00e9, le design et l\u2019innovation sont au c\u0153ur de notre offre, pour enrichir vos espaces avec une touche personnelle.\" \/>\n<meta name=\"robots\" content=\"noindex, follow, max-snippet:-1, max-image-preview:large, max-video-preview:-1\" \/>\n<meta property=\"og:locale\" content=\"fr_FR\" \/>\n<meta property=\"og:type\" content=\"article\" \/>\n<meta property=\"og:title\" content=\"SAN Art &amp; D\u00e9co - artdeco\" \/>\n<meta property=\"og:description\" content=\"Laissez-vous inspirer par notre vari\u00e9t\u00e9 de couleurs, de formes et de mat\u00e9riaux, et trouvez l\u2019\u0153uvre d\u2019art ou l\u2019objet d\u00e9coratif parfait pour votre maison, votre bureau ou comme cadeau. La qualit\u00e9, le design et l\u2019innovation sont au c\u0153ur de notre offre, pour enrichir vos espaces avec une touche personnelle.\" \/>\n<meta property=\"og:url\" content=\"https:\/\/adeco.san.lu\/fr\/\" \/>\n<meta property=\"og:site_name\" content=\"artdeco\" \/>\n<meta property=\"article:modified_time\" content=\"2025-06-20T08:55:19+00:00\" \/>\n<meta name=\"twitter:card\" content=\"summary_large_image\" \/>\n<script type=\"application\/ld+json\" class=\"yoast-schema-graph\">{\"@context\":\"https:\/\/schema.org\",\"@graph\":[{\"@type\":\"WebPage\",\"@id\":\"https:\/\/adeco.san.lu\/fr\/\",\"url\":\"https:\/\/adeco.san.lu\/fr\/\",\"name\":\"SAN Art & D\u00e9co - artdeco\",\"isPartOf\":{\"@id\":\"https:\/\/adeco.san.lu\/fr\/#website\"},\"datePublished\":\"2025-06-11T12:05:01+00:00\",\"dateModified\":\"2025-06-20T08:55:19+00:00\",\"description\":\"Laissez-vous inspirer par notre vari\u00e9t\u00e9 de couleurs, de formes et de mat\u00e9riaux, et trouvez l\u2019\u0153uvre d\u2019art ou l\u2019objet d\u00e9coratif parfait pour votre maison, votre bureau ou comme cadeau. La qualit\u00e9, le design et l\u2019innovation sont au c\u0153ur de notre offre, pour enrichir vos espaces avec une touche personnelle.\",\"breadcrumb\":{\"@id\":\"https:\/\/adeco.san.lu\/fr\/#breadcrumb\"},\"inLanguage\":\"fr-FR\",\"potentialAction\":[{\"@type\":\"ReadAction\",\"target\":[\"https:\/\/adeco.san.lu\/fr\/\"]}]},{\"@type\":\"BreadcrumbList\",\"@id\":\"https:\/\/adeco.san.lu\/fr\/#breadcrumb\",\"itemListElement\":[{\"@type\":\"ListItem\",\"position\":1,\"name\":\"Home\",\"item\":\"https:\/\/adeco.san.lu\/fr\/\"},{\"@type\":\"ListItem\",\"position\":2,\"name\":\"SAN Art &#038; D\u00e9co\"}]},{\"@type\":\"WebSite\",\"@id\":\"https:\/\/adeco.san.lu\/fr\/#website\",\"url\":\"https:\/\/adeco.san.lu\/fr\/\",\"name\":\"artdeco\",\"description\":\"\",\"potentialAction\":[{\"@type\":\"SearchAction\",\"target\":{\"@type\":\"EntryPoint\",\"urlTemplate\":\"https:\/\/adeco.san.lu\/fr\/?s={search_term_string}\"},\"query-input\":{\"@type\":\"PropertyValueSpecification\",\"valueRequired\":true,\"valueName\":\"search_term_string\"}}],\"inLanguage\":\"fr-FR\"}]}<\/script>\n<!-- \/ Yoast SEO plugin. -->","yoast_head_json":{"title":"SAN Art & D\u00e9co - artdeco","description":"Laissez-vous inspirer par notre vari\u00e9t\u00e9 de couleurs, de formes et de mat\u00e9riaux, et trouvez l\u2019\u0153uvre d\u2019art ou l\u2019objet d\u00e9coratif parfait pour votre maison, votre bureau ou comme cadeau. La qualit\u00e9, le design et l\u2019innovation sont au c\u0153ur de notre offre, pour enrichir vos espaces avec une touche personnelle.","robots":{"index":"noindex","follow":"follow","max-snippet":"max-snippet:-1","max-image-preview":"max-image-preview:large","max-video-preview":"max-video-preview:-1"},"og_locale":"fr_FR","og_type":"article","og_title":"SAN Art & D\u00e9co - artdeco","og_description":"Laissez-vous inspirer par notre vari\u00e9t\u00e9 de couleurs, de formes et de mat\u00e9riaux, et trouvez l\u2019\u0153uvre d\u2019art ou l\u2019objet d\u00e9coratif parfait pour votre maison, votre bureau ou comme cadeau. La qualit\u00e9, le design et l\u2019innovation sont au c\u0153ur de notre offre, pour enrichir vos espaces avec une touche personnelle.","og_url":"https:\/\/adeco.san.lu\/fr\/","og_site_name":"artdeco","article_modified_time":"2025-06-20T08:55:19+00:00","twitter_card":"summary_large_image","schema":{"@context":"https:\/\/schema.org","@graph":[{"@type":"WebPage","@id":"https:\/\/adeco.san.lu\/fr\/","url":"https:\/\/adeco.san.lu\/fr\/","name":"SAN Art & D\u00e9co - artdeco","isPartOf":{"@id":"https:\/\/adeco.san.lu\/fr\/#website"},"datePublished":"2025-06-11T12:05:01+00:00","dateModified":"2025-06-20T08:55:19+00:00","description":"Laissez-vous inspirer par notre vari\u00e9t\u00e9 de couleurs, de formes et de mat\u00e9riaux, et trouvez l\u2019\u0153uvre d\u2019art ou l\u2019objet d\u00e9coratif parfait pour votre maison, votre bureau ou comme cadeau. La qualit\u00e9, le design et l\u2019innovation sont au c\u0153ur de notre offre, pour enrichir vos espaces avec une touche personnelle.","breadcrumb":{"@id":"https:\/\/adeco.san.lu\/fr\/#breadcrumb"},"inLanguage":"fr-FR","potentialAction":[{"@type":"ReadAction","target":["https:\/\/adeco.san.lu\/fr\/"]}]},{"@type":"BreadcrumbList","@id":"https:\/\/adeco.san.lu\/fr\/#breadcrumb","itemListElement":[{"@type":"ListItem","position":1,"name":"Home","item":"https:\/\/adeco.san.lu\/fr\/"},{"@type":"ListItem","position":2,"name":"SAN Art &#038; D\u00e9co"}]},{"@type":"WebSite","@id":"https:\/\/adeco.san.lu\/fr\/#website","url":"https:\/\/adeco.san.lu\/fr\/","name":"artdeco","description":"","potentialAction":[{"@type":"SearchAction","target":{"@type":"EntryPoint","urlTemplate":"https:\/\/adeco.san.lu\/fr\/?s={search_term_string}"},"query-input":{"@type":"PropertyValueSpecification","valueRequired":true,"valueName":"search_term_string"}}],"inLanguage":"fr-FR"}]}},"_links":{"self":[{"href":"https:\/\/adeco.san.lu\/fr\/wp-json\/wp\/v2\/pages\/76","targetHints":{"allow":["GET"]}}],"collection":[{"href":"https:\/\/adeco.san.lu\/fr\/wp-json\/wp\/v2\/pages"}],"about":[{"href":"https:\/\/adeco.san.lu\/fr\/wp-json\/wp\/v2\/types\/page"}],"author":[{"embeddable":true,"href":"https:\/\/adeco.san.lu\/fr\/wp-json\/wp\/v2\/users\/1"}],"replies":[{"embeddable":true,"href":"https:\/\/adeco.san.lu\/fr\/wp-json\/wp\/v2\/comments?post=76"}],"version-history":[{"count":8,"href":"https:\/\/adeco.san.lu\/fr\/wp-json\/wp\/v2\/pages\/76\/revisions"}],"predecessor-version":[{"id":161,"href":"https:\/\/adeco.san.lu\/fr\/wp-json\/wp\/v2\/pages\/76\/revisions\/161"}],"wp:attachment":[{"href":"https:\/\/adeco.san.lu\/fr\/wp-json\/wp\/v2\/media?parent=76"}],"curies":[{"name":"wp","href":"https:\/\/api.w.org\/{rel}","templated":true}]}}